{"id":3493,"date":"2023-07-12T17:50:05","date_gmt":"2023-07-12T17:50:05","guid":{"rendered":"https:\/\/steel-containers.com\/home\/"},"modified":"2023-08-23T14:49:13","modified_gmt":"2023-08-23T14:49:13","slug":"home","status":"publish","type":"page","link":"https:\/\/steel-containers.com\/lv\/","title":{"rendered":"Home"},"content":{"rendered":"\t\t<div data-elementor-type=\"wp-page\" data-elementor-id=\"3493\" class=\"elementor elementor-3493 elementor-12\" data-elementor-post-type=\"page\">\n\t\t\t\t<div class=\"elementor-element elementor-element-75f6994 e-con-full as-slider e-flex e-con e-parent\" data-id=\"75f6994\" data-element_type=\"container\" data-settings=\"{&quot;background_background&quot;:&quot;slideshow&quot;,&quot;background_slideshow_gallery&quot;:[{&quot;id&quot;:49,&quot;url&quot;:&quot;https:\\\/\\\/steel-containers.com\\\/wp-content\\\/uploads\\\/2023\\\/07\\\/TK1.jpg&quot;},{&quot;id&quot;:48,&quot;url&quot;:&quot;https:\\\/\\\/steel-containers.com\\\/wp-content\\\/uploads\\\/2023\\\/07\\\/PMDC.jpg&quot;},{&quot;id&quot;:42,&quot;url&quot;:&quot;https:\\\/\\\/steel-containers.com\\\/wp-content\\\/uploads\\\/2023\\\/07\\\/PMC.jpg&quot;}],&quot;background_slideshow_ken_burns&quot;:&quot;yes&quot;,&quot;background_slideshow_slide_duration&quot;:5000,&quot;background_slideshow_slide_transition&quot;:&quot;fade&quot;,&quot;background_slideshow_transition_duration&quot;:500,&quot;background_slideshow_ken_burns_zoom_direction&quot;:&quot;in&quot;}\">\n\t\t<div class=\"elementor-element elementor-element-8145ff5 e-con-full e-flex e-con e-parent\" data-id=\"8145ff5\" data-element_type=\"container\">\n\t\t<div class=\"elementor-element elementor-element-29ef65b e-con-full as-bar e-flex e-con e-parent\" data-id=\"29ef65b\" data-element_type=\"container\" data-settings=\"{&quot;background_background&quot;:&quot;classic&quot;,&quot;position&quot;:&quot;absolute&quot;}\">\n\t\t\t\t<\/div>\n\t\t<div class=\"elementor-element elementor-element-97403e7 e-flex e-con-boxed e-con e-parent\" data-id=\"97403e7\" data-element_type=\"container\">\n\t\t\t\t\t<div class=\"e-con-inner\">\n\t\t<div class=\"elementor-element elementor-element-698027a as-changing-widget e-flex e-con-boxed e-con e-parent\" data-id=\"698027a\" data-element_type=\"container\">\n\t\t\t\t\t<div class=\"e-con-inner\">\n\t\t\t\t<div class=\"elementor-element elementor-element-4422db7 elementor-widget elementor-widget-heading\" data-id=\"4422db7\" data-element_type=\"widget\" data-widget_type=\"heading.default\">\n\t\t\t\t<div class=\"elementor-widget-container\">\n\t\t\t\t\t<h2 class=\"elementor-heading-title elementor-size-default\">TK Pa\u0161izg\u0101z\u0113jami iekr\u0101v\u0113ju konteineri<\/h2>\t\t\t\t<\/div>\n\t\t\t\t<\/div>\n\t\t\t\t<div class=\"elementor-element elementor-element-8863694 elementor-widget elementor-widget-heading\" data-id=\"8863694\" data-element_type=\"widget\" data-widget_type=\"heading.default\">\n\t\t\t\t<div class=\"elementor-widget-container\">\n\t\t\t\t\t<h2 class=\"elementor-heading-title elementor-size-default\">PMDC Apak\u0161\u0101 atveramie konteineri<\/h2>\t\t\t\t<\/div>\n\t\t\t\t<\/div>\n\t\t\t\t<div class=\"elementor-element elementor-element-a1fd5fc elementor-widget elementor-widget-heading\" data-id=\"a1fd5fc\" data-element_type=\"widget\" data-widget_type=\"heading.default\">\n\t\t\t\t<div class=\"elementor-widget-container\">\n\t\t\t\t\t<h2 class=\"elementor-heading-title elementor-size-default\">PMC Kartera papl\u0101te<\/h2>\t\t\t\t<\/div>\n\t\t\t\t<\/div>\n\t\t\t\t\t<\/div>\n\t\t\t\t<\/div>\n\t\t<div class=\"elementor-element elementor-element-10bd1f6 as-changing-widget e-flex e-con-boxed e-con e-parent\" data-id=\"10bd1f6\" data-element_type=\"container\">\n\t\t\t\t\t<div class=\"e-con-inner\">\n\t\t\t\t<div class=\"elementor-element elementor-element-004b628 elementor-widget elementor-widget-text-editor\" data-id=\"004b628\" data-element_type=\"widget\" data-widget_type=\"text-editor.default\">\n\t\t\t\t<div class=\"elementor-widget-container\">\n\t\t\t\t\t\t\t\t\t<p>Pa\u0161izg\u0101z\u0113jami iekr\u0101v\u0113ju konteineri. Tie ir izgatavoti no 3 mm biezas met\u0101la loksnes tvertnes da\u013c\u0101 un 4 mm biezas pamatnes. Konstrukcija ir metin\u0101ta no ab\u0101m pus\u0113m, kas nodro\u0161ina t\u0101s iztur\u012bbu un herm\u0113tiskumu. Turkl\u0101t konteineriem ir vair\u0101ki stiprin\u0101jumi, kas padara tos \u013coti iztur\u012bgus un iztur\u012bgus. Tie ir apr\u012bkoti ar k\u0101ji\u0146u, kas ne\u013cauj tiem nosl\u012bd\u0113t no autoiekr\u0101v\u0113ja rokas, k\u0101 ar\u012b ar sl\u0113dzeni, kas ne\u013cauj konteineram sasv\u0113rties transport\u0113\u0161anas laik\u0101. Turkl\u0101t pamatn\u0113 ir uzst\u0101d\u012btas zemas k\u0101jas, kas izol\u0113 konteineru no zemes.     <\/p>\n\t\t\t\t\t\t\t\t<\/div>\n\t\t\t\t<\/div>\n\t\t\t\t<div class=\"elementor-element elementor-element-9c013b1 elementor-widget elementor-widget-text-editor\" data-id=\"9c013b1\" data-element_type=\"widget\" data-widget_type=\"text-editor.default\">\n\t\t\t\t<div class=\"elementor-widget-container\">\n\t\t\t\t\t\t\t\t\t<p>PMDC konteineri ir iztur\u012bgi t\u0113rauda konteineri ar atveramu dibenu, kas paredz\u0113ti p\u0101rkrau\u0161anai ar autoiekr\u0101v\u0113ju, autokr\u0101v\u0113ju, celt\u0146iem un rokas pale\u0161u rati\u0146iem. Tie ir izgatavoti no 3 mm biezas met\u0101la loksnes konteineru da\u013c\u0101 un 4 mm biezas pamatnes. Konstrukcija ir metin\u0101ta no ab\u0101m pus\u0113m, kas tai pie\u0161\u0137ir iztur\u012bbu un iztur\u012bbu. Cisternas aug\u0161pus\u0113 ir izvietotas kabatas dak\u0161\u0101m un transporta rokturiem. P\u0113das pamatn\u0113 izol\u0113 tvertni no zemes, k\u0101 ar\u012b \u013cauj to transport\u0113t ar rokas pale\u0161u rati\u0146iem.    <\/p>\n\t\t\t\t\t\t\t\t<\/div>\n\t\t\t\t<\/div>\n\t\t\t\t<div class=\"elementor-element elementor-element-d02297c elementor-widget elementor-widget-text-editor\" data-id=\"d02297c\" data-element_type=\"widget\" data-widget_type=\"text-editor.default\">\n\t\t\t\t<div class=\"elementor-widget-container\">\n\t\t\t\t\t\t\t\t\t<p>Kr\u0101tuves ir tvertnes, ko izmanto, lai nov\u0113rstu videi b\u012bstamu vielu nopl\u016bdi no taj\u0101s uzglab\u0101taj\u0101m muc\u0101m un konteineriem. T\u0101m ir vienk\u0101r\u0161a konstrukcija, un t\u0101m nav nek\u0101da meh\u0101nisma. Tvertnes ir ide\u0101li piem\u0113rotas ra\u017eo\u0161anas uz\u0146\u0113mumiem, r\u016bpn\u012bc\u0101m, darbn\u012bc\u0101m, noliktav\u0101m, b\u016bvlaukumiem, ferm\u0101m un visur, kur nepiecie\u0161ams uzglab\u0101t plastmasas un t\u0113rauda tvertnes ar uzliesmojo\u0161iem \u0161\u0137idrumiem, kas draud pies\u0101r\u0146ot \u016bdeni vai aizskalot gr\u012bdu, piem\u0113ram, e\u013c\u013cas, sm\u0113rvielas, degvielu, \u0161\u0137\u012bdin\u0101t\u0101jus, lakas, emulsijas, dzes\u0113\u0161anas \u0161\u0137idrumus un daudzus citus.  <\/p>\n\t\t\t\t\t\t\t\t<\/div>\n\t\t\t\t<\/div>\n\t\t\t\t\t<\/div>\n\t\t\t\t<\/div>\n\t\t<div class=\"elementor-element elementor-element-1998b8c as-changing-widget e-flex e-con-boxed e-con e-parent\" data-id=\"1998b8c\" data-element_type=\"container\">\n\t\t\t\t\t<div class=\"e-con-inner\">\n\t\t\t\t<div class=\"elementor-element elementor-element-82a4442 elementor-widget elementor-widget-button\" data-id=\"82a4442\" data-element_type=\"widget\" data-widget_type=\"button.default\">\n\t\t\t\t<div class=\"elementor-widget-container\">\n\t\t\t\t\t\t\t\t\t<div class=\"elementor-button-wrapper\">\n\t\t\t\t\t<a class=\"elementor-button elementor-button-link elementor-size-sm\" href=\"https:\/\/steel-containers.com\/lv\/tk-pasizgazejami-iekraveju-konteineri\/\">\n\t\t\t\t\t\t<span class=\"elementor-button-content-wrapper\">\n\t\t\t\t\t\t\t\t\t<span class=\"elementor-button-text\">Vair\u0101k<\/span>\n\t\t\t\t\t<\/span>\n\t\t\t\t\t<\/a>\n\t\t\t\t<\/div>\n\t\t\t\t\t\t\t\t<\/div>\n\t\t\t\t<\/div>\n\t\t\t\t<div class=\"elementor-element elementor-element-3696cd5 elementor-widget elementor-widget-button\" data-id=\"3696cd5\" data-element_type=\"widget\" data-widget_type=\"button.default\">\n\t\t\t\t<div class=\"elementor-widget-container\">\n\t\t\t\t\t\t\t\t\t<div class=\"elementor-button-wrapper\">\n\t\t\t\t\t<a class=\"elementor-button elementor-button-link elementor-size-sm\" href=\"https:\/\/steel-containers.com\/lv\/pmdc-apaksa-atveramie-konteineri\/\">\n\t\t\t\t\t\t<span class=\"elementor-button-content-wrapper\">\n\t\t\t\t\t\t\t\t\t<span class=\"elementor-button-text\">Vair\u0101k<\/span>\n\t\t\t\t\t<\/span>\n\t\t\t\t\t<\/a>\n\t\t\t\t<\/div>\n\t\t\t\t\t\t\t\t<\/div>\n\t\t\t\t<\/div>\n\t\t\t\t<div class=\"elementor-element elementor-element-b908101 elementor-widget elementor-widget-button\" data-id=\"b908101\" data-element_type=\"widget\" data-widget_type=\"button.default\">\n\t\t\t\t<div class=\"elementor-widget-container\">\n\t\t\t\t\t\t\t\t\t<div class=\"elementor-button-wrapper\">\n\t\t\t\t\t<a class=\"elementor-button elementor-button-link elementor-size-sm\" href=\"https:\/\/steel-containers.com\/lv\/pmc-kartera-paplates\/\">\n\t\t\t\t\t\t<span class=\"elementor-button-content-wrapper\">\n\t\t\t\t\t\t\t\t\t<span class=\"elementor-button-text\">Vair\u0101k<\/span>\n\t\t\t\t\t<\/span>\n\t\t\t\t\t<\/a>\n\t\t\t\t<\/div>\n\t\t\t\t\t\t\t\t<\/div>\n\t\t\t\t<\/div>\n\t\t\t\t\t<\/div>\n\t\t\t\t<\/div>\n\t\t\t\t\t<\/div>\n\t\t\t\t<\/div>\n\t\t\t\t<\/div>\n\t\t<div class=\"elementor-element elementor-element-2e014be e-con-full e-flex e-con e-parent\" data-id=\"2e014be\" data-element_type=\"container\">\n\t\t\t\t<div class=\"elementor-element elementor-element-e95faaf elementor-widget elementor-widget-html\" data-id=\"e95faaf\" data-element_type=\"widget\" data-widget_type=\"html.default\">\n\t\t\t\t<div class=\"elementor-widget-container\">\n\t\t\t\t\t<script src=\"https:\/\/code.jquery.com\/jquery-3.6.0.min.js\"><\/script><script>var $ = jQuery\n    \n$(document).ready(function(){\n\n$('.as-slider').each(function(){\n\nvar $this = $(this),\n    currentSlide = 0,\n    previousSlide = 0,\n    slideNumber = $this.find('.as-side-slider .swiper-slide:not(.swiper-slide-duplicate)').length,\n    barHTML = '',\n    forward,\n    textContainer = $this.find('.as-changing-widget')\n   \nfor(var i=0; i<slideNumber;i++){ barHTML += `<span class=\"dot\"><span class=\"dot-number\">${i+1}<\/span><\/span>`\n}\n\n$this.find('.as-bar .dot').remove()\n$this.find('.as-bar').append(barHTML)\n$this.find('.as-bar .dot').eq(0).addClass('active')\n    \ntextContainer.each(function(){\n    var texts = $(this).find('.elementor-widget').eq(0)\n    texts.addClass('currentUp')\n    $(this).css('--h', texts.height()+'px')\n})\n\nsetTimeout(function(){\n    $this.addClass('loaded')\n    \n    if($this.find('.as-side-slider .swiper-container-initialized, .as-side-slider .swiper-initialized').length){\n        $this.find('.as-side-slider').addClass('loaded')\n    }\n    \n    var init = setInterval(function(){\n      if($this.find('.as-side-slider .swiper-container-initialized, .as-side-slider .swiper-initialized').length){\n          \n          $this.find('.as-side-slider').addClass('loaded')\n          clearInterval(init)\n      }\n    },50)\n}, 500)\n\nvar bgs = JSON.parse($this.attr('data-settings')).background_slideshow_gallery,\n    bgHTML = '<div class=\"as-slider-background\">'\n\nif(bgs){\n    bgs.forEach(function(background){\n        bgHTML += `<img decoding=\"async\" src=\"${background.url}\"\/>`\n    })\n}\nbgHTML += '<\/div>'\n\n$this.find('.as-slider-background').remove()\n$this.prepend(bgHTML)\n\nvar backgrounds = $this.find('.as-slider-background img')\n\nbackgrounds.eq(0).addClass('currentForward')\n\nsetInterval(function(){\n    currentSlide = $this.find('.as-side-slider .swiper-slide-active').attr('data-swiper-slide-index')\n    if(previousSlide != currentSlide) {\n\n        if( previousSlide <currentSlide ){ forward = true } if( previousSlide> currentSlide ){\n            forward = false\n        }\n        if( previousSlide == slideNumber - 1 && currentSlide == 0 ){\n            forward = true\n        }\n        if( previousSlide == 0 && currentSlide == slideNumber - 1 ){\n            forward = false\n        }\n        textContainer.each(function(){\n            var texts = $(this).find('.elementor-widget')\n            \n            $(this).css('--h', texts.eq(currentSlide).height()+'px')\n            \n            texts.removeClass('prev next currentUp currentDown')\n            backgrounds.removeClass('prev currentBackward currentForward')\n            \n            backgrounds.eq(previousSlide).addClass('prev')\n            \n            if(forward) {\n                texts.eq(previousSlide).addClass('prev')\n                texts.eq(currentSlide).addClass('currentUp')\n                \n                backgrounds.eq(currentSlide).addClass('currentForward')\n                \n            }else{\n                texts.eq(previousSlide).addClass('next')\n                texts.eq(currentSlide).addClass('currentDown')\n\n                backgrounds.eq(currentSlide).addClass('currentBackward')\n            }\n        })\n        \n        $this.find('.as-bar .dot').removeClass('active')\n        $this.find('.as-bar .dot').eq(currentSlide).addClass('active')\n    }\n    previousSlide = currentSlide\n}, 500)\n\n$this.find('.as-bar .dot').on('click', function(){\n    \n    var index = $(this).index()\n    \n    $this.find('.as-side-slider .swiper-pagination-bullet').eq(index).trigger('click')\n    $this.find('.as-side-slider .swiper-container').trigger('mouseleave')\n    \n})\n$this.find('.as-slider-left').on('click', function(){\n    \n    $this.find('.as-side-slider .elementor-swiper-button-prev').trigger('click')\n    $this.find('.as-side-slider .elementor-swiper').trigger('mouseleave')\n})\n$this.find('.as-slider-right').on('click', function(){\n    \n    $this.find('.as-side-slider .elementor-swiper-button-next').trigger('click')\n    $this.find('.as-side-slider .elementor-swiper').trigger('mouseleave')\n})\n$this.find('.as-slider-left a, .as-slider-right a').on('click', function(e){\n    \n    e.preventDefault()\n})\n\n})\n})\n\n$(window).on('resize', function(){\n    \n\n    \n$('.as-slider').each(function(){\n    \n    var textContainer = $(this).find('.as-changing-widget')\n    \n    textContainer.each(function(){\n        var texts = $(this).find('.elementor-widget.currentUp, .elementor-widget.currentDown')\n    \n        $(this).css('--h', texts.height()+'px')\n    })\n})\n})\n\n\n<\/script>\t\t\t\t<\/div>\n\t\t\t\t<\/div>\n\t\t\t\t<div class=\"elementor-element elementor-element-d8c1943 as-side-slider elementor-widget-mobile__width-initial elementor-testimonial--skin-default elementor-testimonial--layout-image_inline elementor-testimonial--align-center elementor-arrows-yes elementor-pagination-type-bullets elementor-widget elementor-widget-testimonial-carousel\" data-id=\"d8c1943\" data-element_type=\"widget\" data-settings=\"{&quot;slides_per_view&quot;:&quot;3&quot;,&quot;space_between&quot;:{&quot;unit&quot;:&quot;px&quot;,&quot;size&quot;:30,&quot;sizes&quot;:[]},&quot;slides_per_view_tablet&quot;:&quot;3&quot;,&quot;space_between_tablet&quot;:{&quot;unit&quot;:&quot;px&quot;,&quot;size&quot;:20,&quot;sizes&quot;:[]},&quot;space_between_mobile&quot;:{&quot;unit&quot;:&quot;px&quot;,&quot;size&quot;:20,&quot;sizes&quot;:[]},&quot;slides_per_view_mobile&quot;:&quot;3&quot;,&quot;show_arrows&quot;:&quot;yes&quot;,&quot;pagination&quot;:&quot;bullets&quot;,&quot;speed&quot;:500,&quot;loop&quot;:&quot;yes&quot;}\" data-widget_type=\"testimonial-carousel.default\">\n\t\t\t\t<div class=\"elementor-widget-container\">\n\t\t\t\t\t\t\t\t\t<div class=\"elementor-swiper\">\n\t\t\t\t\t<div class=\"elementor-main-swiper swiper\" role=\"region\" aria-roledescription=\"carousel\" aria-label=\"Slides\">\n\t\t\t\t<div class=\"swiper-wrapper\">\n\t\t\t\t\t\t\t\t\t\t\t<div class=\"swiper-slide\" role=\"group\" aria-roledescription=\"slide\">\n\t\t\t\t\t\t\t\t\t<div class=\"elementor-testimonial\">\n\t\t\t\t\t\t<div class=\"elementor-testimonial__footer\">\n\t\t\t\t\t\t\t\t\t<div class=\"elementor-testimonial__image\">\n\t\t\t\t\t\t<img decoding=\"async\" src=\"https:\/\/steel-containers.com\/wp-content\/uploads\/2023\/07\/TK-300_20200622-Widok-3.png\" alt=\"Pa\u0161izg\u0101z\u0113jami iekr\u0101v\u0113ju konteineri \">\n\t\t\t\t\t\t\t\t\t\t\t<\/div>\n\t\t\t\t\t\t\t\t<cite class=\"elementor-testimonial__cite\"><span class=\"elementor-testimonial__name\">Pa\u0161izg\u0101z\u0113jami iekr\u0101v\u0113ju konteineri <\/span><span class=\"elementor-testimonial__title\">TK<\/span><\/cite>\t\t\t<\/div>\n\t\t<\/div>\n\t\t\t\t\t\t\t\t<\/div>\n\t\t\t\t\t\t\t\t\t\t\t<div class=\"swiper-slide\" role=\"group\" aria-roledescription=\"slide\">\n\t\t\t\t\t\t\t\t\t<div class=\"elementor-testimonial\">\n\t\t\t\t\t\t<div class=\"elementor-testimonial__footer\">\n\t\t\t\t\t\t\t\t\t<div class=\"elementor-testimonial__image\">\n\t\t\t\t\t\t<img decoding=\"async\" src=\"https:\/\/steel-containers.com\/wp-content\/uploads\/2023\/07\/pmdc_blue-removebg-preview-removebg-preview.png\" alt=\"Apak\u0161\u0101 atveramie konteineri \">\n\t\t\t\t\t\t\t\t\t\t\t<\/div>\n\t\t\t\t\t\t\t\t<cite class=\"elementor-testimonial__cite\"><span class=\"elementor-testimonial__name\">Apak\u0161\u0101 atveramie konteineri <\/span><span class=\"elementor-testimonial__title\">PMDC<\/span><\/cite>\t\t\t<\/div>\n\t\t<\/div>\n\t\t\t\t\t\t\t\t<\/div>\n\t\t\t\t\t\t\t\t\t\t\t<div class=\"swiper-slide\" role=\"group\" aria-roledescription=\"slide\">\n\t\t\t\t\t\t\t\t\t<div class=\"elementor-testimonial\">\n\t\t\t\t\t\t<div class=\"elementor-testimonial__footer\">\n\t\t\t\t\t\t\t\t\t<div class=\"elementor-testimonial__image\">\n\t\t\t\t\t\t<img decoding=\"async\" src=\"https:\/\/steel-containers.com\/wp-content\/uploads\/2023\/07\/1150x1300x780-removebg-preview.png\" alt=\"Kartera papl\u0101te\">\n\t\t\t\t\t\t\t\t\t\t\t<\/div>\n\t\t\t\t\t\t\t\t<cite class=\"elementor-testimonial__cite\"><span class=\"elementor-testimonial__name\">Kartera papl\u0101te<\/span><span class=\"elementor-testimonial__title\">PMC<\/span><\/cite>\t\t\t<\/div>\n\t\t<\/div>\n\t\t\t\t\t\t\t\t<\/div>\n\t\t\t\t\t\t\t\t\t<\/div>\n\t\t\t\t\t\t\t\t\t\t\t\t\t\t\t<div class=\"elementor-swiper-button elementor-swiper-button-prev\" role=\"button\" tabindex=\"0\" aria-label=\"Previous\">\n\t\t\t\t\t\t\t<svg aria-hidden=\"true\" class=\"e-font-icon-svg e-eicon-chevron-left\" viewBox=\"0 0 1000 1000\" xmlns=\"http:\/\/www.w3.org\/2000\/svg\"><path d=\"M646 125C629 125 613 133 604 142L308 442C296 454 292 471 292 487 292 504 296 521 308 533L604 854C617 867 629 875 646 875 663 875 679 871 692 858 704 846 713 829 713 812 713 796 708 779 692 767L438 487 692 225C700 217 708 204 708 187 708 171 704 154 692 142 675 129 663 125 646 125Z\"><\/path><\/svg>\t\t\t\t\t\t<\/div>\n\t\t\t\t\t\t<div class=\"elementor-swiper-button elementor-swiper-button-next\" role=\"button\" tabindex=\"0\" aria-label=\"Next\">\n\t\t\t\t\t\t\t<svg aria-hidden=\"true\" class=\"e-font-icon-svg e-eicon-chevron-right\" viewBox=\"0 0 1000 1000\" xmlns=\"http:\/\/www.w3.org\/2000\/svg\"><path d=\"M696 533C708 521 713 504 713 487 713 471 708 454 696 446L400 146C388 133 375 125 354 125 338 125 325 129 313 142 300 154 292 171 292 187 292 204 296 221 308 233L563 492 304 771C292 783 288 800 288 817 288 833 296 850 308 863 321 871 338 875 354 875 371 875 388 867 400 854L696 533Z\"><\/path><\/svg>\t\t\t\t\t\t<\/div>\n\t\t\t\t\t\t\t\t\t\t\t\t\t\t\t\t<div class=\"swiper-pagination\"><\/div>\n\t\t\t\t\t\t\t\t\t\t\t\t<\/div>\n\t\t\t\t<\/div>\n\t\t\t\t\t\t\t\t<\/div>\n\t\t\t\t<\/div>\n\t\t<div class=\"elementor-element elementor-element-48716ef e-flex e-con-boxed e-con e-parent\" data-id=\"48716ef\" data-element_type=\"container\">\n\t\t\t\t\t<div class=\"e-con-inner\">\n\t\t\t\t<div class=\"elementor-element elementor-element-d682a08 as-slider-left elementor-absolute elementor-widget elementor-widget-button\" data-id=\"d682a08\" data-element_type=\"widget\" data-settings=\"{&quot;_position&quot;:&quot;absolute&quot;}\" data-widget_type=\"button.default\">\n\t\t\t\t<div class=\"elementor-widget-container\">\n\t\t\t\t\t\t\t\t\t<div class=\"elementor-button-wrapper\">\n\t\t\t\t\t<a class=\"elementor-button elementor-button-link elementor-size-xl\" href=\"#\">\n\t\t\t\t\t\t<span class=\"elementor-button-content-wrapper\">\n\t\t\t\t\t\t<span class=\"elementor-button-icon\">\n\t\t\t\t<svg aria-hidden=\"true\" class=\"e-font-icon-svg e-fas-arrow-left\" viewBox=\"0 0 448 512\" xmlns=\"http:\/\/www.w3.org\/2000\/svg\"><path d=\"M257.5 445.1l-22.2 22.2c-9.4 9.4-24.6 9.4-33.9 0L7 273c-9.4-9.4-9.4-24.6 0-33.9L201.4 44.7c9.4-9.4 24.6-9.4 33.9 0l22.2 22.2c9.5 9.5 9.3 25-.4 34.3L136.6 216H424c13.3 0 24 10.7 24 24v32c0 13.3-10.7 24-24 24H136.6l120.5 114.8c9.8 9.3 10 24.8.4 34.3z\"><\/path><\/svg>\t\t\t<\/span>\n\t\t\t\t\t\t\t\t<\/span>\n\t\t\t\t\t<\/a>\n\t\t\t\t<\/div>\n\t\t\t\t\t\t\t\t<\/div>\n\t\t\t\t<\/div>\n\t\t\t\t<div class=\"elementor-element elementor-element-109a831 as-slider-right elementor-absolute elementor-widget elementor-widget-button\" data-id=\"109a831\" data-element_type=\"widget\" data-settings=\"{&quot;_position&quot;:&quot;absolute&quot;}\" data-widget_type=\"button.default\">\n\t\t\t\t<div class=\"elementor-widget-container\">\n\t\t\t\t\t\t\t\t\t<div class=\"elementor-button-wrapper\">\n\t\t\t\t\t<a class=\"elementor-button elementor-button-link elementor-size-xl\" href=\"#\">\n\t\t\t\t\t\t<span class=\"elementor-button-content-wrapper\">\n\t\t\t\t\t\t<span class=\"elementor-button-icon\">\n\t\t\t\t<svg aria-hidden=\"true\" class=\"e-font-icon-svg e-fas-arrow-right\" viewBox=\"0 0 448 512\" xmlns=\"http:\/\/www.w3.org\/2000\/svg\"><path d=\"M190.5 66.9l22.2-22.2c9.4-9.4 24.6-9.4 33.9 0L441 239c9.4 9.4 9.4 24.6 0 33.9L246.6 467.3c-9.4 9.4-24.6 9.4-33.9 0l-22.2-22.2c-9.5-9.5-9.3-25 .4-34.3L311.4 296H24c-13.3 0-24-10.7-24-24v-32c0-13.3 10.7-24 24-24h287.4L190.9 101.2c-9.8-9.3-10-24.8-.4-34.3z\"><\/path><\/svg>\t\t\t<\/span>\n\t\t\t\t\t\t\t\t<\/span>\n\t\t\t\t\t<\/a>\n\t\t\t\t<\/div>\n\t\t\t\t\t\t\t\t<\/div>\n\t\t\t\t<\/div>\n\t\t\t\t\t<\/div>\n\t\t\t\t<\/div>\n\t\t\t\t<\/div>\n\t\t\t\t<\/div>\n\t\t\t\t<\/div>\n\t\t","protected":false},"excerpt":{"rendered":"<p>TK Pa\u0161izg\u0101z\u0113jami iekr\u0101v\u0113ju konteineri PMDC Apak\u0161\u0101 atveramie konteineri PMC Kartera papl\u0101te Pa\u0161izg\u0101z\u0113jami iekr\u0101v\u0113ju konteineri. Tie ir izgatavoti no 3 mm biezas met\u0101la loksnes tvertnes da\u013c\u0101 un 4 mm biezas pamatnes. Konstrukcija ir metin\u0101ta no ab\u0101m pus\u0113m, kas nodro\u0161ina t\u0101s iztur\u012bbu un herm\u0113tiskumu. Turkl\u0101t konteineriem ir vair\u0101ki stiprin\u0101jumi, kas padara tos \u013coti iztur\u012bgus un iztur\u012bgus. Tie [&hellip;]<\/p>\n","protected":false},"author":1,"featured_media":0,"parent":0,"menu_order":1,"comment_status":"closed","ping_status":"closed","template":"elementor_header_footer","meta":{"iawp_total_views":13,"footnotes":""},"class_list":["post-3493","page","type-page","status-publish","hentry"],"_links":{"self":[{"href":"https:\/\/steel-containers.com\/lv\/wp-json\/wp\/v2\/pages\/3493","targetHints":{"allow":["GET"]}}],"collection":[{"href":"https:\/\/steel-containers.com\/lv\/wp-json\/wp\/v2\/pages"}],"about":[{"href":"https:\/\/steel-containers.com\/lv\/wp-json\/wp\/v2\/types\/page"}],"author":[{"embeddable":true,"href":"https:\/\/steel-containers.com\/lv\/wp-json\/wp\/v2\/users\/1"}],"replies":[{"embeddable":true,"href":"https:\/\/steel-containers.com\/lv\/wp-json\/wp\/v2\/comments?post=3493"}],"version-history":[{"count":0,"href":"https:\/\/steel-containers.com\/lv\/wp-json\/wp\/v2\/pages\/3493\/revisions"}],"wp:attachment":[{"href":"https:\/\/steel-containers.com\/lv\/wp-json\/wp\/v2\/media?parent=3493"}],"curies":[{"name":"wp","href":"https:\/\/api.w.org\/{rel}","templated":true}]}}